{"id":105,"date":"2024-04-15T14:54:43","date_gmt":"2024-04-15T20:54:43","guid":{"rendered":"https:\/\/www.rainbowcarpooling.com\/?page_id=105"},"modified":"2025-08-29T13:30:57","modified_gmt":"2025-08-29T19:30:57","slug":"team","status":"publish","type":"page","link":"https:\/\/www.rainbowcarpooling.com\/es\/team\/","title":{"rendered":"Equipo"},"content":{"rendered":"<section class=\"l-section wpb_row us_custom_c1f14dfa us_animate_this height_medium\" id=\"home\"><div class=\"l-section-overlay\" style=\"background:var(--color-content-bg-alt)\"><\/div><div class=\"l-section-h i-cf\"><div class=\"g-cols vc_row via_flex valign_top type_default stacking_default\"><div class=\"vc_col-sm-12 wpb_column vc_column_container\"><div class=\"vc_column-inner\"><div class=\"wpb_wrapper\"><h2 class=\"w-post-elm post_title us_custom_dbd5544b has_text_color us_animate_this align_center entry-title color_link_inherit\">Equipo<\/h2><nav class=\"g-breadcrumbs us_custom_82495ad1 us_animate_this separator_icon align_center\" itemscope itemtype=\"http:\/\/schema.org\/BreadcrumbList\"><div class=\"g-breadcrumbs-item\" itemscope itemprop=\"itemListElement\" itemtype=\"http:\/\/schema.org\/ListItem\"><a itemprop=\"item\" href=\"https:\/\/www.rainbowcarpooling.com\/es\/\"><span itemprop=\"name\">Inicio<\/span><\/a><meta itemprop=\"position\" content=\"1\"\/><\/div><div class=\"g-breadcrumbs-separator\"><i class=\"far fa-angle-right\"><\/i><\/div><div class=\"g-breadcrumbs-item\">P\u00e1ginas<\/div><\/nav><\/div><\/div><\/div><\/div><\/div><\/section><section class=\"l-section wpb_row height_medium\"><div class=\"l-section-h i-cf\"><div class=\"g-cols vc_row via_flex valign_top type_default stacking_default\"><div class=\"vc_col-sm-4 wpb_column vc_column_container\"><div class=\"vc_column-inner us_custom_44ef4aae us_animate_this type_sticky\"><div class=\"wpb_wrapper\"><div class=\"w-image hide_on_tablets hide_on_mobiles align_center\"><div class=\"w-image-h\"><img loading=\"lazy\" decoding=\"async\" width=\"880\" height=\"1200\" src=\"https:\/\/www.rainbowcarpooling.com\/wp-content\/uploads\/2024\/04\/team-araceli-m.webp\" class=\"attachment-full size-full\" alt=\"\" srcset=\"https:\/\/www.rainbowcarpooling.com\/wp-content\/uploads\/2024\/04\/team-araceli-m.webp 880w, https:\/\/www.rainbowcarpooling.com\/wp-content\/uploads\/2024\/04\/team-araceli-m-220x300.webp 220w, https:\/\/www.rainbowcarpooling.com\/wp-content\/uploads\/2024\/04\/team-araceli-m-751x1024.webp 751w, https:\/\/www.rainbowcarpooling.com\/wp-content\/uploads\/2024\/04\/team-araceli-m-9x12.webp 9w\" sizes=\"(max-width: 880px) 100vw, 880px\" \/><\/div><\/div><div class=\"w-image hide_on_default hide_on_laptops align_center\"><div class=\"w-image-h\"><img loading=\"lazy\" decoding=\"async\" width=\"1200\" height=\"1200\" src=\"https:\/\/www.rainbowcarpooling.com\/wp-content\/uploads\/2024\/04\/team-araceli.jpg\" class=\"attachment-full size-full\" alt=\"\" srcset=\"https:\/\/www.rainbowcarpooling.com\/wp-content\/uploads\/2024\/04\/team-araceli.jpg 1200w, https:\/\/www.rainbowcarpooling.com\/wp-content\/uploads\/2024\/04\/team-araceli-300x300.jpg 300w, https:\/\/www.rainbowcarpooling.com\/wp-content\/uploads\/2024\/04\/team-araceli-1024x1024.jpg 1024w, https:\/\/www.rainbowcarpooling.com\/wp-content\/uploads\/2024\/04\/team-araceli-150x150.jpg 150w, https:\/\/www.rainbowcarpooling.com\/wp-content\/uploads\/2024\/04\/team-araceli-12x12.jpg 12w\" sizes=\"(max-width: 1200px) 100vw, 1200px\" \/><\/div><\/div><\/div><\/div><\/div><div class=\"vc_col-sm-8 wpb_column vc_column_container\"><div class=\"vc_column-inner us_custom_3487890e us_animate_this\"><div class=\"wpb_wrapper\"><div class=\"w-separator size_small\"><\/div><div class=\"wpb_text_column us_custom_fcd48bf3 has_text_color\"><div class=\"wpb_wrapper\"><p>Araceli Herrera<\/p>\n<\/div><\/div><div class=\"w-separator size_small\"><\/div><div class=\"wpb_text_column\"><div class=\"wpb_wrapper\"><p>Saludos a todos, me llamo Araceli y soy de M\u00e9xico. Quiero compartir con ustedes una experiencia que surgi\u00f3 cuando mi hija comenz\u00f3 la escuela. Nos enfrentamos a un desaf\u00edo inesperado: la escuela estaba tan cerca que no ofrec\u00eda servicio de transporte. Ante esta situaci\u00f3n, surgi\u00f3 en m\u00ed la idea de iniciar una nueva aventura: ofrecer un servicio de transporte para los hijos de otros padres que, al igual que yo, se encontraban en apuros debido a compromisos laborales que les imped\u00edan llevar o recoger a sus hijos.<\/p>\n<p>Lo que nos diferencia a m\u00ed y a mi equipo es nuestro enfoque centrado en el bienestar de cada ni\u00f1o. Nos comprometemos a recoger y dejar a cada uno de ellos en la puerta de sus hogares, garantizando as\u00ed su seguridad y tranquilidad para los padres.<\/p>\n<p>Este proyecto no solo me permite estar al tanto de mi propia hija mientras est\u00e1 en la escuela, sino que tambi\u00e9n me brinda la oportunidad de servir a otros padres de familia que necesitan apoyo en esta \u00e1rea. Es un honor para m\u00ed poder proporcionar este servicio y contribuir al bienestar de nuestra comunidad escolar. \u00a1Gracias por confiar en nosotros!<\/p>\n<\/div><\/div><div class=\"w-separator size_small\"><\/div><div class=\"w-btn-wrapper align_none\"><a class=\"w-btn us-btn-style_1 icon_atright\" href=\"https:\/\/www.rainbowcarpooling.com\/es\/#contact\"><span class=\"w-btn-label\">Cont\u00e1ctanos<\/span><i class=\"far fa-envelope\"><\/i><\/a><\/div><\/div><\/div><\/div><\/div><\/div><\/section><section class=\"l-section wpb_row height_huge with_video with_shape\" id=\"book\"><style>@media(max-width:20px){#us_bg_video_n6b6{display:none!important}}<\/style><div class=\"l-section-video\" id=\"us_bg_video_n6b6\"><video muted loop autoplay playsinline preload=\"auto\"><source type=\"video\/mp4\" src=\"https:\/\/www.rainbowcarpooling.com\/wp-content\/uploads\/2024\/04\/bg.mp4\" \/><\/video><\/div><div class=\"l-section-overlay\" style=\"background:rgba(255,176,0,0.90)\"><\/div><div class=\"l-section-shape type_custom pos_top\" style=\"height:5vh;\"><img loading=\"lazy\" decoding=\"async\" width=\"1800\" height=\"40\" src=\"https:\/\/www.rainbowcarpooling.com\/wp-content\/uploads\/2024\/04\/shape-divider.png\" class=\"attachment-full size-full\" alt=\"\" srcset=\"https:\/\/www.rainbowcarpooling.com\/wp-content\/uploads\/2024\/04\/shape-divider.png 1800w, https:\/\/www.rainbowcarpooling.com\/wp-content\/uploads\/2024\/04\/shape-divider-300x7.png 300w, https:\/\/www.rainbowcarpooling.com\/wp-content\/uploads\/2024\/04\/shape-divider-1024x23.png 1024w\" sizes=\"(max-width: 1800px) 100vw, 1800px\" \/><\/div><div class=\"l-section-shape type_custom pos_bottom\" style=\"height:5vh;\"><img loading=\"lazy\" decoding=\"async\" width=\"1800\" height=\"40\" src=\"https:\/\/www.rainbowcarpooling.com\/wp-content\/uploads\/2024\/04\/shape-divider.png\" class=\"attachment-full size-full\" alt=\"\" srcset=\"https:\/\/www.rainbowcarpooling.com\/wp-content\/uploads\/2024\/04\/shape-divider.png 1800w, https:\/\/www.rainbowcarpooling.com\/wp-content\/uploads\/2024\/04\/shape-divider-300x7.png 300w, https:\/\/www.rainbowcarpooling.com\/wp-content\/uploads\/2024\/04\/shape-divider-1024x23.png 1024w\" sizes=\"(max-width: 1800px) 100vw, 1800px\" \/><\/div><div class=\"l-section-h i-cf\"><div class=\"g-cols vc_row via_flex valign_top type_default stacking_default\"><div class=\"vc_col-sm-8 wpb_column vc_column_container\"><div class=\"vc_column-inner us_custom_302a2db5 us_animate_this\"><div class=\"wpb_wrapper\"><div class=\"wpb_text_column us_custom_71943238 has_text_color\"><div class=\"wpb_wrapper\"><p>Reserve su Viaje, es Simple<\/p>\n<\/div><\/div><div class=\"w-separator size_small\"><\/div><div class=\"wpb_text_column us_custom_c80d50f7 has_text_color\"><div class=\"wpb_wrapper\"><p>Llame para programar, seleccione el servicio y la fecha, realice un pago seguro y luego si\u00e9ntese y rel\u00e1jese mientras sus hijos disfrutan de una experiencia de transporte segura y confiable.<\/p>\n<\/div><\/div><\/div><\/div><\/div><div class=\"vc_col-sm-4 wpb_column vc_column_container\"><div class=\"vc_column-inner us_custom_3225f508 us_animate_this\"><div class=\"wpb_wrapper\"><div class=\"w-iconbox us_custom_d44d8758 has_text_color hide_on_default hide_on_laptops hide_on_tablets hide_on_mobiles iconpos_left style_default color_contrast align_center no_text\"><a href=\"tel: 18254387679\" class=\"w-iconbox-link\" aria-label=\"825 438 7679\"><div class=\"w-iconbox-icon\" style=\"font-size:2rem;\"><i class=\"far fa-headset\"><\/i><\/div><\/a><div class=\"w-iconbox-meta\"><a href=\"tel: 18254387679\" class=\"w-iconbox-link\" aria-label=\"825 438 7679\"><h4 class=\"w-iconbox-title\">825 438 7679<\/h4><\/a><\/div><\/div><div class=\"w-separator size_small\"><\/div><div class=\"w-btn-wrapper align_center\"><a class=\"w-btn us-btn-style_2 us_custom_60e9caca us_animate_this icon_atright\" href=\"tel: 18254387679\"><span class=\"w-btn-label\">Reserve su viaje<\/span><i class=\"far fa-arrow-right\"><\/i><\/a><\/div><\/div><\/div><\/div><\/div><\/div><\/section><section class=\"l-section wpb_row height_medium\" id=\"contact\"><div class=\"l-section-h i-cf\"><div class=\"g-cols vc_row via_flex valign_top type_default stacking_default\"><div class=\"vc_col-sm-12 wpb_column vc_column_container\"><div class=\"vc_column-inner\"><div class=\"wpb_wrapper\"><div class=\"w-separator hide_on_default hide_on_laptops size_medium\"><\/div><div class=\"g-cols wpb_row via_flex valign_top type_default stacking_default\"><div class=\"vc_col-sm-8 wpb_column vc_column_container\"><div class=\"vc_column-inner us_custom_4ef5d869 us_animate_this\"><div class=\"wpb_wrapper\"><div class=\"wpb_text_column us_custom_87307802 has_text_color\"><div class=\"wpb_wrapper\"><p>Cont\u00e1ctenos<\/p>\n<\/div><\/div><div class=\"w-separator size_small\"><\/div><div class=\"wpb_text_column\"><div class=\"wpb_wrapper\"><p>\u00bfTiene preguntas o necesita ayuda con el servicio de transporte para ni\u00f1os en Calgary? \u00a1Comun\u00edquese con nosotros hoy! Nuestro amigable equipo est\u00e1 aqu\u00ed para ayudarle con una experiencia segura y conveniente <a href=\"https:\/\/www.rainbowcarpooling.com\/es\/#services\">de soluciones de viaje<\/a>.<\/p>\n<\/div><\/div><div class=\"w-separator size_small\"><\/div>\n<div class=\"wpcf7 no-js\" id=\"wpcf7-f144-o1\" lang=\"en-US\" dir=\"ltr\">\n<div class=\"screen-reader-response\"><p role=\"status\" aria-live=\"polite\" aria-atomic=\"true\"><\/p> <ul><\/ul><\/div>\n<form action=\"\/es\/wp-json\/wp\/v2\/pages\/105#wpcf7-f144-o1\" method=\"post\" class=\"wpcf7-form init\" aria-label=\"Contact form\" novalidate=\"novalidate\" data-status=\"init\" data-trp-original-action=\"\/es\/wp-json\/wp\/v2\/pages\/105#wpcf7-f144-o1\">\n<div style=\"display: none;\">\n<input type=\"hidden\" name=\"_wpcf7\" value=\"144\" \/>\n<input type=\"hidden\" name=\"_wpcf7_version\" value=\"5.8.7\" \/>\n<input type=\"hidden\" name=\"_wpcf7_locale\" value=\"en_US\" \/>\n<input type=\"hidden\" name=\"_wpcf7_unit_tag\" value=\"wpcf7-f144-o1\" \/>\n<input type=\"hidden\" name=\"_wpcf7_container_post\" value=\"0\" \/>\n<input type=\"hidden\" name=\"_wpcf7_posted_data_hash\" value=\"\" \/>\n<input type=\"hidden\" name=\"_wpcf7_recaptcha_response\" value=\"\" \/>\n<\/div>\n<div id=\"responsive-form\" class=\"clearfix\">\n\t<div class=\"form-row\">\n\t\t<div class=\"column-half\">\n\t\t\t<p><span class=\"wpcf7-form-control-wrap\" data-name=\"nombres\"><input size=\"40\" class=\"wpcf7-form-control wpcf7-text wpcf7-validates-as-required\" aria-required=\"true\" aria-invalid=\"false\" placeholder=\"Nombre\" value=\"\" type=\"text\" name=\"nombres\" \/><\/span>\n\t\t\t<\/p>\n\t\t<\/div>\n\t\t<div class=\"column-half\">\n\t\t\t<p><span class=\"wpcf7-form-control-wrap\" data-name=\"whats\"><input size=\"40\" class=\"wpcf7-form-control wpcf7-tel wpcf7-validates-as-required wpcf7-text wpcf7-validates-as-tel\" aria-required=\"true\" aria-invalid=\"false\" placeholder=\"Tel\u00e9fono\" value=\"\" type=\"tel\" name=\"whats\" \/><\/span>\n\t\t\t<\/p>\n\t\t<\/div>\n\t\t<p><span id=\"wpcf7-69e38710663d0-wrapper\" class=\"wpcf7-form-control-wrap phone-wrap\" style=\"display:none !important; visibility:hidden !important;\"><label for=\"wpcf7-69e38710663d0-field\" class=\"hp-message\">Please leave this field empty.<\/label><input id=\"wpcf7-69e38710663d0-field\"  class=\"wpcf7-form-control wpcf7-text\" type=\"text\" name=\"phone\" value=\"\" size=\"40\" tabindex=\"-1\" autocomplete=\"new-password\" \/><\/span>\n\t\t<\/p>\n\t<\/div>\n\t<div class=\"form-row\">\n\t\t<div class=\"column-half\">\n\t\t\t<p><span class=\"wpcf7-form-control-wrap\" data-name=\"correos\"><input size=\"40\" class=\"wpcf7-form-control wpcf7-email wpcf7-validates-as-required wpcf7-text wpcf7-validates-as-email\" aria-required=\"true\" aria-invalid=\"false\" placeholder=\"Correo electr\u00f3nico\" value=\"\" type=\"email\" name=\"correos\" \/><\/span>\n\t\t\t<\/p>\n\t\t<\/div>\n\t\t<div class=\"column-half\">\n\t\t\t<p><span class=\"wpcf7-form-control-wrap\" data-name=\"asuntos\"><input size=\"40\" class=\"wpcf7-form-control wpcf7-text wpcf7-validates-as-required\" aria-required=\"true\" aria-invalid=\"false\" placeholder=\"Asunto\" value=\"\" type=\"text\" name=\"asuntos\" \/><\/span>\n\t\t\t<\/p>\n\t\t<\/div>\n\t\t<p><span id=\"wpcf7-69e38710664db-wrapper\" class=\"wpcf7-form-control-wrap website-wrap\" style=\"display:none !important; visibility:hidden !important;\"><label for=\"wpcf7-69e38710664db-field\" class=\"hp-message\">Please leave this field empty.<\/label><input id=\"wpcf7-69e38710664db-field\"  class=\"wpcf7-form-control wpcf7-text\" type=\"text\" name=\"website\" value=\"\" size=\"40\" tabindex=\"-1\" autocomplete=\"new-password\" \/><\/span>\n\t\t<\/p>\n\t<\/div>\n\t<div class=\"form-row\">\n\t\t<div class=\"column-full\">\n\t\t\t<p><span class=\"wpcf7-form-control-wrap\" data-name=\"mensajes\"><textarea cols=\"40\" rows=\"10\" class=\"wpcf7-form-control wpcf7-textarea wpcf7-validates-as-required\" aria-required=\"true\" aria-invalid=\"false\" placeholder=\"Mensaje\" name=\"mensajes\"><\/textarea><\/span>\n\t\t\t<\/p>\n\t\t<\/div>\n\t<\/div>\n\t<div class=\"form-row\">\n\t\t<div class=\"column-full\">\n\t\t\t<p><input class=\"wpcf7-form-control wpcf7-submit has-spinner\" type=\"submit\" value=\"Enviar mensaje\" \/>\n\t\t\t<\/p>\n\t\t<\/div>\n\t<\/div>\n<\/div>\n\n<!--end responsive-form--><div class=\"wpcf7-response-output\" aria-hidden=\"true\"><\/div>\n<input type=\"hidden\" name=\"trp-form-language\" value=\"es\"\/><\/form>\n<\/div>\n<\/div><\/div><\/div><div class=\"vc_col-sm-4 wpb_column vc_column_container\"><div class=\"vc_column-inner us_custom_3e9d1bc9 us_animate_this type_sticky\"><div class=\"wpb_wrapper\"><div class=\"w-separator size_medium\"><\/div><div class=\"w-vwrapper us_custom_c385db2e sombra-lite align_none valign_middle\" style=\"--vwrapper-gap:1rem\"><div class=\"w-iconbox us_custom_ca26f023 hide_on_default hide_on_laptops hide_on_tablets hide_on_mobiles iconpos_left style_default color_primary align_left\"><a href=\"tel: 18254387679\" class=\"w-iconbox-link\" aria-label=\"Tel\u00e9fono\"><div class=\"w-iconbox-icon\" style=\"font-size:2rem;\"><i class=\"fal fa-phone-alt\"><\/i><\/div><\/a><div class=\"w-iconbox-meta\"><a href=\"tel: 18254387679\" class=\"w-iconbox-link\" aria-label=\"Tel\u00e9fono\"><h4 class=\"w-iconbox-title\">Tel\u00e9fono<\/h4><\/a><div class=\"w-iconbox-text\"><p><a href=\"tel: 18254387679\">825 438 7679<\/a><\/p>\n<\/div><\/div><\/div><div class=\"w-iconbox us_custom_ca26f023 iconpos_left style_default color_primary align_left\"><a href=\"mailto:info@rainbowcarpooling.com\" class=\"w-iconbox-link\" aria-label=\"Correo electr\u00f3nico\"><div class=\"w-iconbox-icon\" style=\"font-size:2rem;\"><i class=\"fal fa-envelope\"><\/i><\/div><\/a><div class=\"w-iconbox-meta\"><a href=\"mailto:info@rainbowcarpooling.com\" class=\"w-iconbox-link\" aria-label=\"Correo electr\u00f3nico\"><h4 class=\"w-iconbox-title\">Correo electr\u00f3nico<\/h4><\/a><div class=\"w-iconbox-text\"><p><a href=\"mailto:info@rainbowcarpooling.com\">info@rainbowcarpooling.com<\/a><\/p>\n<\/div><\/div><\/div><div class=\"w-iconbox us_custom_ca26f023 iconpos_left style_default color_primary align_left\"><div class=\"w-iconbox-icon\" style=\"font-size:2rem;\"><i class=\"fal fa-calendar-alt\"><\/i><\/div><div class=\"w-iconbox-meta\"><h4 class=\"w-iconbox-title\">Horarios<\/h4><div class=\"w-iconbox-text\"><p>Lun\u2013Vie: 9:00 to 18:00<br \/>\nS\u00e1b: 10:00 to 15:00<\/p>\n<\/div><\/div><\/div><div class=\"w-iconbox us_custom_ca26f023 iconpos_left style_default color_primary align_left\"><div class=\"w-iconbox-icon\" style=\"font-size:2rem;\"><i class=\"fal fa-map-marker-alt\"><\/i><\/div><div class=\"w-iconbox-meta\"><h4 class=\"w-iconbox-title\">Ubicaciones<\/h4><div class=\"w-iconbox-text\"><p style=\"text-align: left;\">Calgary, AB<\/p>\n<\/div><\/div><\/div><\/div><\/div><\/div><\/div><\/div><div class=\"w-separator hide_on_default hide_on_laptops size_medium\"><\/div><\/div><\/div><\/div><\/div><\/div><\/section>","protected":false},"excerpt":{"rendered":"TeamInicioP\u00e1ginasAraceli Herrera Hello everyone, my name is Araceli and I&#8217;m from Mexico. I&#8217;d like to share with you an experience that arose when my daughter started school. We encountered an unexpected challenge: the school was so close that it didn&#8217;t offer transportation services. Faced with this situation, the idea sparked in me to embark on...","protected":false},"author":1,"featured_media":13,"parent":0,"menu_order":0,"comment_status":"closed","ping_status":"closed","template":"","meta":{"footnotes":""},"yoast_head":"<!-- This site is optimized with the Yoast SEO plugin v22.6 - https:\/\/yoast.com\/wordpress\/plugins\/seo\/ -->\n<title>Rainbow Carpooling | Team<\/title>\n<meta name=\"robots\" content=\"index, follow, max-snippet:-1, max-image-preview:large, max-video-preview:-1\" \/>\n<link rel=\"canonical\" href=\"https:\/\/www.rainbowcarpooling.com\/es\/team\/\" \/>\n<meta property=\"og:locale\" content=\"es_ES\" \/>\n<meta property=\"og:type\" content=\"article\" \/>\n<meta property=\"og:title\" content=\"Rainbow Carpooling | Team\" \/>\n<meta property=\"og:url\" content=\"https:\/\/www.rainbowcarpooling.com\/es\/team\/\" \/>\n<meta property=\"og:site_name\" content=\"Rainbow Carpooling\" \/>\n<meta property=\"article:modified_time\" content=\"2025-08-29T19:30:57+00:00\" \/>\n<meta property=\"og:image\" content=\"https:\/\/www.rainbowcarpooling.com\/wp-content\/uploads\/2024\/04\/RainbowCarpooling.jpg\" \/>\n\t<meta property=\"og:image:width\" content=\"1200\" \/>\n\t<meta property=\"og:image:height\" content=\"1200\" \/>\n\t<meta property=\"og:image:type\" content=\"image\/jpeg\" \/>\n<meta name=\"twitter:card\" content=\"summary_large_image\" \/>\n<meta name=\"twitter:label1\" content=\"Tiempo de lectura\" \/>\n\t<meta name=\"twitter:data1\" content=\"7 minutos\" \/>\n<script type=\"application\/ld+json\" class=\"yoast-schema-graph\">{\"@context\":\"https:\/\/schema.org\",\"@graph\":[{\"@type\":\"WebPage\",\"@id\":\"https:\/\/www.rainbowcarpooling.com\/team\/\",\"url\":\"https:\/\/www.rainbowcarpooling.com\/team\/\",\"name\":\"Rainbow Carpooling | Team\",\"isPartOf\":{\"@id\":\"https:\/\/www.rainbowcarpooling.com\/#website\"},\"primaryImageOfPage\":{\"@id\":\"https:\/\/www.rainbowcarpooling.com\/team\/#primaryimage\"},\"image\":{\"@id\":\"https:\/\/www.rainbowcarpooling.com\/team\/#primaryimage\"},\"thumbnailUrl\":\"https:\/\/www.rainbowcarpooling.com\/wp-content\/uploads\/2024\/04\/RainbowCarpooling.jpg\",\"datePublished\":\"2024-04-15T20:54:43+00:00\",\"dateModified\":\"2025-08-29T19:30:57+00:00\",\"breadcrumb\":{\"@id\":\"https:\/\/www.rainbowcarpooling.com\/team\/#breadcrumb\"},\"inLanguage\":\"es\",\"potentialAction\":[{\"@type\":\"ReadAction\",\"target\":[\"https:\/\/www.rainbowcarpooling.com\/team\/\"]}]},{\"@type\":\"ImageObject\",\"inLanguage\":\"es\",\"@id\":\"https:\/\/www.rainbowcarpooling.com\/team\/#primaryimage\",\"url\":\"https:\/\/www.rainbowcarpooling.com\/wp-content\/uploads\/2024\/04\/RainbowCarpooling.jpg\",\"contentUrl\":\"https:\/\/www.rainbowcarpooling.com\/wp-content\/uploads\/2024\/04\/RainbowCarpooling.jpg\",\"width\":1200,\"height\":1200,\"caption\":\"Transportation for Kids in Calgary\"},{\"@type\":\"BreadcrumbList\",\"@id\":\"https:\/\/www.rainbowcarpooling.com\/team\/#breadcrumb\",\"itemListElement\":[{\"@type\":\"ListItem\",\"position\":1,\"name\":\"Home\",\"item\":\"https:\/\/www.rainbowcarpooling.com\/\"},{\"@type\":\"ListItem\",\"position\":2,\"name\":\"Team\"}]},{\"@type\":\"WebSite\",\"@id\":\"https:\/\/www.rainbowcarpooling.com\/#website\",\"url\":\"https:\/\/www.rainbowcarpooling.com\/\",\"name\":\"Rainbow Carpooling\",\"description\":\"Calgary School Shuttle for Kids\",\"publisher\":{\"@id\":\"https:\/\/www.rainbowcarpooling.com\/#organization\"},\"potentialAction\":[{\"@type\":\"SearchAction\",\"target\":{\"@type\":\"EntryPoint\",\"urlTemplate\":\"https:\/\/www.rainbowcarpooling.com\/?s={search_term_string}\"},\"query-input\":\"required name=search_term_string\"}],\"inLanguage\":\"es\"},{\"@type\":\"Organization\",\"@id\":\"https:\/\/www.rainbowcarpooling.com\/#organization\",\"name\":\"Rainbow Carpooling\",\"url\":\"https:\/\/www.rainbowcarpooling.com\/\",\"logo\":{\"@type\":\"ImageObject\",\"inLanguage\":\"es\",\"@id\":\"https:\/\/www.rainbowcarpooling.com\/#\/schema\/logo\/image\/\",\"url\":\"https:\/\/www.rainbowcarpooling.com\/wp-content\/uploads\/2024\/04\/RainbowCarpooling.jpg\",\"contentUrl\":\"https:\/\/www.rainbowcarpooling.com\/wp-content\/uploads\/2024\/04\/RainbowCarpooling.jpg\",\"width\":1200,\"height\":1200,\"caption\":\"Rainbow Carpooling\"},\"image\":{\"@id\":\"https:\/\/www.rainbowcarpooling.com\/#\/schema\/logo\/image\/\"}}]}<\/script>\n<!-- \/ Yoast SEO plugin. -->","yoast_head_json":{"title":"Rainbow Carpooling | Team","robots":{"index":"index","follow":"follow","max-snippet":"max-snippet:-1","max-image-preview":"max-image-preview:large","max-video-preview":"max-video-preview:-1"},"canonical":"https:\/\/www.rainbowcarpooling.com\/es\/team\/","og_locale":"es_ES","og_type":"article","og_title":"Rainbow Carpooling | Team","og_url":"https:\/\/www.rainbowcarpooling.com\/es\/team\/","og_site_name":"Rainbow Carpooling","article_modified_time":"2025-08-29T19:30:57+00:00","og_image":[{"width":1200,"height":1200,"url":"https:\/\/www.rainbowcarpooling.com\/wp-content\/uploads\/2024\/04\/RainbowCarpooling.jpg","type":"image\/jpeg"}],"twitter_card":"summary_large_image","twitter_misc":{"Tiempo de lectura":"7 minutos"},"schema":{"@context":"https:\/\/schema.org","@graph":[{"@type":"WebPage","@id":"https:\/\/www.rainbowcarpooling.com\/team\/","url":"https:\/\/www.rainbowcarpooling.com\/team\/","name":"Rainbow Carpooling | Team","isPartOf":{"@id":"https:\/\/www.rainbowcarpooling.com\/#website"},"primaryImageOfPage":{"@id":"https:\/\/www.rainbowcarpooling.com\/team\/#primaryimage"},"image":{"@id":"https:\/\/www.rainbowcarpooling.com\/team\/#primaryimage"},"thumbnailUrl":"https:\/\/www.rainbowcarpooling.com\/wp-content\/uploads\/2024\/04\/RainbowCarpooling.jpg","datePublished":"2024-04-15T20:54:43+00:00","dateModified":"2025-08-29T19:30:57+00:00","breadcrumb":{"@id":"https:\/\/www.rainbowcarpooling.com\/team\/#breadcrumb"},"inLanguage":"es","potentialAction":[{"@type":"ReadAction","target":["https:\/\/www.rainbowcarpooling.com\/team\/"]}]},{"@type":"ImageObject","inLanguage":"es","@id":"https:\/\/www.rainbowcarpooling.com\/team\/#primaryimage","url":"https:\/\/www.rainbowcarpooling.com\/wp-content\/uploads\/2024\/04\/RainbowCarpooling.jpg","contentUrl":"https:\/\/www.rainbowcarpooling.com\/wp-content\/uploads\/2024\/04\/RainbowCarpooling.jpg","width":1200,"height":1200,"caption":"Transportation for Kids in Calgary"},{"@type":"BreadcrumbList","@id":"https:\/\/www.rainbowcarpooling.com\/team\/#breadcrumb","itemListElement":[{"@type":"ListItem","position":1,"name":"Home","item":"https:\/\/www.rainbowcarpooling.com\/"},{"@type":"ListItem","position":2,"name":"Team"}]},{"@type":"WebSite","@id":"https:\/\/www.rainbowcarpooling.com\/#website","url":"https:\/\/www.rainbowcarpooling.com\/","name":"Rainbow Carpooling","description":"Calgary School Shuttle for Kids","publisher":{"@id":"https:\/\/www.rainbowcarpooling.com\/#organization"},"potentialAction":[{"@type":"SearchAction","target":{"@type":"EntryPoint","urlTemplate":"https:\/\/www.rainbowcarpooling.com\/?s={search_term_string}"},"query-input":"required name=search_term_string"}],"inLanguage":"es"},{"@type":"Organization","@id":"https:\/\/www.rainbowcarpooling.com\/#organization","name":"Rainbow Carpooling","url":"https:\/\/www.rainbowcarpooling.com\/","logo":{"@type":"ImageObject","inLanguage":"es","@id":"https:\/\/www.rainbowcarpooling.com\/#\/schema\/logo\/image\/","url":"https:\/\/www.rainbowcarpooling.com\/wp-content\/uploads\/2024\/04\/RainbowCarpooling.jpg","contentUrl":"https:\/\/www.rainbowcarpooling.com\/wp-content\/uploads\/2024\/04\/RainbowCarpooling.jpg","width":1200,"height":1200,"caption":"Rainbow Carpooling"},"image":{"@id":"https:\/\/www.rainbowcarpooling.com\/#\/schema\/logo\/image\/"}}]}},"_links":{"self":[{"href":"https:\/\/www.rainbowcarpooling.com\/es\/wp-json\/wp\/v2\/pages\/105"}],"collection":[{"href":"https:\/\/www.rainbowcarpooling.com\/es\/wp-json\/wp\/v2\/pages"}],"about":[{"href":"https:\/\/www.rainbowcarpooling.com\/es\/wp-json\/wp\/v2\/types\/page"}],"author":[{"embeddable":true,"href":"https:\/\/www.rainbowcarpooling.com\/es\/wp-json\/wp\/v2\/users\/1"}],"replies":[{"embeddable":true,"href":"https:\/\/www.rainbowcarpooling.com\/es\/wp-json\/wp\/v2\/comments?post=105"}],"version-history":[{"count":7,"href":"https:\/\/www.rainbowcarpooling.com\/es\/wp-json\/wp\/v2\/pages\/105\/revisions"}],"predecessor-version":[{"id":864,"href":"https:\/\/www.rainbowcarpooling.com\/es\/wp-json\/wp\/v2\/pages\/105\/revisions\/864"}],"wp:featuredmedia":[{"embeddable":true,"href":"https:\/\/www.rainbowcarpooling.com\/es\/wp-json\/wp\/v2\/media\/13"}],"wp:attachment":[{"href":"https:\/\/www.rainbowcarpooling.com\/es\/wp-json\/wp\/v2\/media?parent=105"}],"curies":[{"name":"wp","href":"https:\/\/api.w.org\/{rel}","templated":true}]}}